{"id":206,"date":"2025-01-05T13:17:24","date_gmt":"2025-01-05T13:17:24","guid":{"rendered":"https:\/\/wp2139956.hostingrd.pl\/?page_id=206"},"modified":"2025-01-05T15:59:20","modified_gmt":"2025-01-05T15:59:20","slug":"toast-dla-tadeusza-wiatrzyka","status":"publish","type":"page","link":"https:\/\/wp2139956.hostingrd.pl\/index.php\/toast-dla-tadeusza-wiatrzyka\/","title":{"rendered":"Toast dla Tadeusza Wiatrzyka 1987"},"content":{"rendered":"<p>Tadziu drogi! Tadziu mi\u0142y!<\/p>\n<p>Cho\u0107 mam ch\u0119ci jaknajszczersze,<br \/>\ncoraz mniej ju\u017c we mnie si\u0142y,<br \/>\nby toasty stroi\u0107 w wiersze,<br \/>\nby ubiera\u0107 my\u015bli w rymy,<br \/>\nsens zachowa\u0107 oraz smaczek<br \/>\ni radosne robi\u0107 miny,<br \/>\ngdy, na przyk\u0142ad, serve p\u0142acze&#8230;<br \/>\nNo, bo popatrz na to z boku &#8211;<br \/>\ncz\u0142ek w toa\u015bcie swym si\u0119 \u0107wiczy,<br \/>\na tam, w sercu, ten niepok\u00f3j:<br \/>\n&#8211; czy wznie\u015b\u0107 b\u0119d\u0119 mia\u0142 go przy czym ?!<br \/>\nLub dopada czasem strach mnie,<br \/>\na\u017c powstaje w my\u015blach luka &#8211;<br \/>\ngdy z emocji w gardle zaschnie,<br \/>\nczy mia\u0142 b\u0119d\u0119 czym przep\u0142uka\u0107 ?!<br \/>\nPrecz obawy me koszmarne,<br \/>\ntrudna rada &#8211; ryzykuj\u0119!<br \/>\nNim do serca Ci\u0119 przygarn\u0119,<br \/>\nnim po m\u0119sku uca\u0142uj\u0119 &#8211;<br \/>\n\u017cycz\u0119 zdrowia, pomy\u015blno\u015bci,<br \/>\nforsy m i l i a r d, licz\u0105c skromnie!<br \/>\nZ niego (marz\u0119 tak w skryto\u015bci),<br \/>\nby\u015b m\u00f3g\u0142 troch\u0119 przegra\u0107 do mnie&#8230;<br \/>\nI cho\u0107 w ZAIKSie mi ten wierszyk<br \/>\n\u017cadnych tantiem nie nagoni &#8211;<br \/>\nstarczy u\u015bmiech Tw\u00f3j najszczerszy<br \/>\ni przyjazny u\u015bcisk d\u0142oni!<\/p>\n<p>Warszawa, 28 pa\u017adziernika 1987 r.<\/p>\n","protected":false},"excerpt":{"rendered":"<p>Tadziu drogi! Tadziu mi\u0142y! Cho\u0107 mam ch\u0119ci jaknajszczersze, coraz mniej ju\u017c we mnie si\u0142y, by toasty stroi\u0107 w wiersze, by ubiera\u0107 my\u015bli w rymy, sens zachowa\u0107 oraz smaczek i radosne robi\u0107 miny, gdy, na przyk\u0142ad, serve p\u0142acze&#8230; No, bo popatrz na to z boku &#8211; cz\u0142ek w toa\u015bcie swym si\u0119 \u0107wiczy, a tam, w sercu, &hellip; <\/p>\n<p class=\"link-more\"><a href=\"https:\/\/wp2139956.hostingrd.pl\/index.php\/toast-dla-tadeusza-wiatrzyka\/\" class=\"more-link\">Continue reading<span class=\"screen-reader-text\"> &#8220;Toast dla Tadeusza Wiatrzyka 1987&#8221;<\/span><\/a><\/p>\n","protected":false},"author":1,"featured_media":0,"parent":0,"menu_order":0,"comment_status":"closed","ping_status":"closed","template":"","meta":{"ngg_post_thumbnail":0,"footnotes":""},"class_list":["post-206","page","type-page","status-publish","hentry"],"_links":{"self":[{"href":"https:\/\/wp2139956.hostingrd.pl\/index.php\/wp-json\/wp\/v2\/pages\/206","targetHints":{"allow":["GET"]}}],"collection":[{"href":"https:\/\/wp2139956.hostingrd.pl\/index.php\/wp-json\/wp\/v2\/pages"}],"about":[{"href":"https:\/\/wp2139956.hostingrd.pl\/index.php\/wp-json\/wp\/v2\/types\/page"}],"author":[{"embeddable":true,"href":"https:\/\/wp2139956.hostingrd.pl\/index.php\/wp-json\/wp\/v2\/users\/1"}],"replies":[{"embeddable":true,"href":"https:\/\/wp2139956.hostingrd.pl\/index.php\/wp-json\/wp\/v2\/comments?post=206"}],"version-history":[{"count":2,"href":"https:\/\/wp2139956.hostingrd.pl\/index.php\/wp-json\/wp\/v2\/pages\/206\/revisions"}],"predecessor-version":[{"id":225,"href":"https:\/\/wp2139956.hostingrd.pl\/index.php\/wp-json\/wp\/v2\/pages\/206\/revisions\/225"}],"wp:attachment":[{"href":"https:\/\/wp2139956.hostingrd.pl\/index.php\/wp-json\/wp\/v2\/media?parent=206"}],"curies":[{"name":"wp","href":"https:\/\/api.w.org\/{rel}","templated":true}]}}