{"id":219,"date":"2025-01-05T15:56:19","date_gmt":"2025-01-05T15:56:19","guid":{"rendered":"https:\/\/wp2139956.hostingrd.pl\/?page_id=219"},"modified":"2025-01-05T15:56:19","modified_gmt":"2025-01-05T15:56:19","slug":"toast-tw-1994","status":"publish","type":"page","link":"https:\/\/wp2139956.hostingrd.pl\/index.php\/toast-tw-1994\/","title":{"rendered":"Toast TW 1994"},"content":{"rendered":"<p>Drogi Solenizancie!<\/p>\n<p>Zn\u00f3w spotka\u0142y si\u0119 szeregi<br \/>\nzwarte, chocia\u017c nie olbrzymie,<br \/>\n\u017ceby uczci\u0107 dzie\u0144 kolegi<br \/>\nco Tadeusz ma na imi\u0119!<\/p>\n<p>Jak co roku, Solenizant,<br \/>\nserca dar na stole k\u0142adzie,<br \/>\nbo &#8211; jak jego brzmi dewiza &#8211;<br \/>\n\u015bwi\u0119to milsze jest w gromadzie!<\/p>\n<p>Wi\u0119c \u017cyczenia dzi\u015b sk\u0142adamy,<br \/>\ntakie proste, jak umiemy &#8211;<br \/>\nnie jeste\u015bmy kobietami<br \/>\ni da\u0107 wi\u0119cej nie mo\u017cemy&#8230;<\/p>\n<p>Lecz, nim nape\u0142nimy brzuchy,<br \/>\nnim zamroczy wino g\u0142owy &#8211;<br \/>\ndosypiemy serc okruchy<br \/>\ndo kielich\u00f3w toastowych!<\/p>\n<p>Gdy ten \u017cyczliwo\u015bci dow\u00f3d<br \/>\nCi\u0119 wietrzykiem wzrusze\u0144 owia\u0142 &#8211;<br \/>\nza rok pretekst daj nam znowu<br \/>\ndo wypicia Twego zdrowia !<\/p>\n<p>Warszawa, pa\u017adziernik 1994 r.<\/p>\n","protected":false},"excerpt":{"rendered":"<p>Drogi Solenizancie! Zn\u00f3w spotka\u0142y si\u0119 szeregi zwarte, chocia\u017c nie olbrzymie, \u017ceby uczci\u0107 dzie\u0144 kolegi co Tadeusz ma na imi\u0119! Jak co roku, Solenizant, serca dar na stole k\u0142adzie, bo &#8211; jak jego brzmi dewiza &#8211; \u015bwi\u0119to milsze jest w gromadzie! Wi\u0119c \u017cyczenia dzi\u015b sk\u0142adamy, takie proste, jak umiemy &#8211; nie jeste\u015bmy kobietami i da\u0107 wi\u0119cej &hellip; <\/p>\n<p class=\"link-more\"><a href=\"https:\/\/wp2139956.hostingrd.pl\/index.php\/toast-tw-1994\/\" class=\"more-link\">Continue reading<span class=\"screen-reader-text\"> &#8220;Toast TW 1994&#8221;<\/span><\/a><\/p>\n","protected":false},"author":1,"featured_media":0,"parent":0,"menu_order":0,"comment_status":"closed","ping_status":"closed","template":"","meta":{"ngg_post_thumbnail":0,"footnotes":""},"class_list":["post-219","page","type-page","status-publish","hentry"],"_links":{"self":[{"href":"https:\/\/wp2139956.hostingrd.pl\/index.php\/wp-json\/wp\/v2\/pages\/219","targetHints":{"allow":["GET"]}}],"collection":[{"href":"https:\/\/wp2139956.hostingrd.pl\/index.php\/wp-json\/wp\/v2\/pages"}],"about":[{"href":"https:\/\/wp2139956.hostingrd.pl\/index.php\/wp-json\/wp\/v2\/types\/page"}],"author":[{"embeddable":true,"href":"https:\/\/wp2139956.hostingrd.pl\/index.php\/wp-json\/wp\/v2\/users\/1"}],"replies":[{"embeddable":true,"href":"https:\/\/wp2139956.hostingrd.pl\/index.php\/wp-json\/wp\/v2\/comments?post=219"}],"version-history":[{"count":1,"href":"https:\/\/wp2139956.hostingrd.pl\/index.php\/wp-json\/wp\/v2\/pages\/219\/revisions"}],"predecessor-version":[{"id":220,"href":"https:\/\/wp2139956.hostingrd.pl\/index.php\/wp-json\/wp\/v2\/pages\/219\/revisions\/220"}],"wp:attachment":[{"href":"https:\/\/wp2139956.hostingrd.pl\/index.php\/wp-json\/wp\/v2\/media?parent=219"}],"curies":[{"name":"wp","href":"https:\/\/api.w.org\/{rel}","templated":true}]}}